{"id":19,"date":"2022-12-29T15:35:03","date_gmt":"2022-12-29T14:35:03","guid":{"rendered":"https:\/\/zarowem.pl\/?page_id=19"},"modified":"2023-03-04T22:26:30","modified_gmt":"2023-03-04T21:26:30","slug":"dyzury-zarzadu","status":"publish","type":"page","link":"https:\/\/zarowem.pl\/index.php\/dyzury-zarzadu\/","title":{"rendered":"Dy\u017cury Zarz\u0105du"},"content":{"rendered":"\n<p>Dy\u017cur zarz\u0105du w ka\u017cd\u0105 <strong>pierwsz\u0105\u00a0sobot\u0119 miesi\u0105ca<\/strong> o godzinie 10:00,\u00a0dzia\u0142ka nr 134.<\/p>\n","protected":false},"excerpt":{"rendered":"<p>Dy\u017cur zarz\u0105du w ka\u017cd\u0105 pierwsz\u0105\u00a0sobot\u0119 miesi\u0105ca o godzinie 10:00,\u00a0dzia\u0142ka nr 134.<\/p>\n","protected":false},"author":2,"featured_media":0,"parent":0,"menu_order":0,"comment_status":"closed","ping_status":"closed","template":"","meta":{"tpgb_global_settings":"","footnotes":""},"class_list":["post-19","page","type-page","status-publish","hentry"],"blocksy_meta":{"styles_descriptor":{"styles":{"desktop":"","tablet":"","mobile":""},"google_fonts":[],"version":5}},"tpgb_featured_images":null,"tpgb_post_meta_info":{"get_date":"2022-12-29","author_name":"devadm","author_url":"https:\/\/zarowem.pl\/index.php\/author\/devadm\/","author_email":"kamil@szumotalski.pl","author_website":"","author_description":"","author_facebook":"","author_twitter":"","author_instagram":"","author_role":["administrator"],"author_firstname":"","author_lastname":"","user_login":"devadm","author_avatar":"<img alt='' src='https:\/\/secure.gravatar.com\/avatar\/30b3c78203266376fab193fa14316bdc3ced73959fc6fcf0c899f332d3bf55f6?s=200&#038;d=mm&#038;r=g' srcset='https:\/\/secure.gravatar.com\/avatar\/30b3c78203266376fab193fa14316bdc3ced73959fc6fcf0c899f332d3bf55f6?s=400&#038;d=mm&#038;r=g 2x' class='avatar avatar-200 photo' height='200' width='200' loading='lazy' decoding='async'\/>","author_avatar_url":"https:\/\/secure.gravatar.com\/avatar\/30b3c78203266376fab193fa14316bdc3ced73959fc6fcf0c899f332d3bf55f6?s=96&d=mm&r=g","comment_count":0,"post_likes":0,"post_views":0},"tpgb_post_category":[],"_links":{"self":[{"href":"https:\/\/zarowem.pl\/index.php\/wp-json\/wp\/v2\/pages\/19","targetHints":{"allow":["GET"]}}],"collection":[{"href":"https:\/\/zarowem.pl\/index.php\/wp-json\/wp\/v2\/pages"}],"about":[{"href":"https:\/\/zarowem.pl\/index.php\/wp-json\/wp\/v2\/types\/page"}],"author":[{"embeddable":true,"href":"https:\/\/zarowem.pl\/index.php\/wp-json\/wp\/v2\/users\/2"}],"replies":[{"embeddable":true,"href":"https:\/\/zarowem.pl\/index.php\/wp-json\/wp\/v2\/comments?post=19"}],"version-history":[{"count":2,"href":"https:\/\/zarowem.pl\/index.php\/wp-json\/wp\/v2\/pages\/19\/revisions"}],"predecessor-version":[{"id":92,"href":"https:\/\/zarowem.pl\/index.php\/wp-json\/wp\/v2\/pages\/19\/revisions\/92"}],"wp:attachment":[{"href":"https:\/\/zarowem.pl\/index.php\/wp-json\/wp\/v2\/media?parent=19"}],"curies":[{"name":"wp","href":"https:\/\/api.w.org\/{rel}","templated":true}]}}