{"id":21,"date":"2022-12-29T15:35:13","date_gmt":"2022-12-29T14:35:13","guid":{"rendered":"https:\/\/zarowem.pl\/?page_id=21"},"modified":"2025-05-12T09:16:30","modified_gmt":"2025-05-12T07:16:30","slug":"konta-bankowe-ogrodu","status":"publish","type":"page","link":"https:\/\/zarowem.pl\/index.php\/konta-bankowe-ogrodu\/","title":{"rendered":"Konta bankowe Ogrodu"},"content":{"rendered":"\n<h3 class=\"wp-block-heading\">ROD &#8222;ZA ROWEM&#8221; Bank Sp\u00f3\u0142dzielczy&nbsp;w Legionowie<\/h3>\n\n\n\n<p class=\"has-medium-font-size\">22 8013 0006 2001 0079 0291 0001<\/p>\n\n\n\n<h3 class=\"wp-block-heading\">ROD&#8221; PRZY G\u00d3RCE&#8221;&nbsp; &nbsp;Bank PBS Wyszk\u00f3w<\/h3>\n\n\n\n<p><strong>!!! Uwaga Nowy numer konta !!!<\/strong><\/p>\n\n\n\n<p class=\"has-medium-font-size\">65 8013 0006 2001 0079 0291 0003<\/p>\n\n\n\n<p class=\"has-large-font-size\"><strong>Budowa sieci energetycznej ROD &#8222;ZA ROWEM&#8221; Bank Sp\u00f3\u0142dzielczy w Legionowie<\/strong><\/p>\n\n\n\n<p class=\"has-medium-font-size\">89 8013 0006 2004 0079 0291 0003<\/p>\n\n\n\n<p><\/p>\n","protected":false},"excerpt":{"rendered":"<p>ROD &#8222;ZA ROWEM&#8221; Bank Sp\u00f3\u0142dzielczy&nbsp;w Legionowie 22 8013 0006 2001 0079 0291 0001 ROD&#8221; PRZY G\u00d3RCE&#8221;&nbsp; &nbsp;Bank PBS Wyszk\u00f3w !!! Uwaga Nowy numer konta !!! 65 8013 0006 2001 0079 0291 0003 Budowa sieci energetycznej ROD &#8222;ZA ROWEM&#8221; Bank Sp\u00f3\u0142dzielczy w Legionowie 89 8013 0006 2004 0079 0291 0003<\/p>\n","protected":false},"author":2,"featured_media":0,"parent":0,"menu_order":0,"comment_status":"closed","ping_status":"closed","template":"","meta":{"tpgb_global_settings":"","footnotes":""},"class_list":["post-21","page","type-page","status-publish","hentry"],"blocksy_meta":{"styles_descriptor":{"styles":{"desktop":"","tablet":"","mobile":""},"google_fonts":[],"version":5}},"tpgb_featured_images":null,"tpgb_post_meta_info":{"get_date":"2022-12-29","author_name":"devadm","author_url":"https:\/\/zarowem.pl\/index.php\/author\/devadm\/","author_email":"kamil@szumotalski.pl","author_website":"","author_description":"","author_facebook":"","author_twitter":"","author_instagram":"","author_role":["administrator"],"author_firstname":"","author_lastname":"","user_login":"devadm","author_avatar":"<img alt='' src='https:\/\/secure.gravatar.com\/avatar\/30b3c78203266376fab193fa14316bdc3ced73959fc6fcf0c899f332d3bf55f6?s=200&#038;d=mm&#038;r=g' srcset='https:\/\/secure.gravatar.com\/avatar\/30b3c78203266376fab193fa14316bdc3ced73959fc6fcf0c899f332d3bf55f6?s=400&#038;d=mm&#038;r=g 2x' class='avatar avatar-200 photo' height='200' width='200' loading='lazy' decoding='async'\/>","author_avatar_url":"https:\/\/secure.gravatar.com\/avatar\/30b3c78203266376fab193fa14316bdc3ced73959fc6fcf0c899f332d3bf55f6?s=96&d=mm&r=g","comment_count":0,"post_likes":0,"post_views":0},"tpgb_post_category":[],"_links":{"self":[{"href":"https:\/\/zarowem.pl\/index.php\/wp-json\/wp\/v2\/pages\/21","targetHints":{"allow":["GET"]}}],"collection":[{"href":"https:\/\/zarowem.pl\/index.php\/wp-json\/wp\/v2\/pages"}],"about":[{"href":"https:\/\/zarowem.pl\/index.php\/wp-json\/wp\/v2\/types\/page"}],"author":[{"embeddable":true,"href":"https:\/\/zarowem.pl\/index.php\/wp-json\/wp\/v2\/users\/2"}],"replies":[{"embeddable":true,"href":"https:\/\/zarowem.pl\/index.php\/wp-json\/wp\/v2\/comments?post=21"}],"version-history":[{"count":7,"href":"https:\/\/zarowem.pl\/index.php\/wp-json\/wp\/v2\/pages\/21\/revisions"}],"predecessor-version":[{"id":127,"href":"https:\/\/zarowem.pl\/index.php\/wp-json\/wp\/v2\/pages\/21\/revisions\/127"}],"wp:attachment":[{"href":"https:\/\/zarowem.pl\/index.php\/wp-json\/wp\/v2\/media?parent=21"}],"curies":[{"name":"wp","href":"https:\/\/api.w.org\/{rel}","templated":true}]}}