{"id":8,"date":"2022-12-29T15:33:39","date_gmt":"2022-12-29T14:33:39","guid":{"rendered":"https:\/\/zarowem.pl\/?page_id=8"},"modified":"2023-03-04T22:20:27","modified_gmt":"2023-03-04T21:20:27","slug":"historia-ogrodu","status":"publish","type":"page","link":"https:\/\/zarowem.pl\/index.php\/historia-ogrodu\/","title":{"rendered":"Historia ogrodu"},"content":{"rendered":"\n<p><strong>W grudniu 1984<\/strong>&nbsp;roku zebra\u0142 si\u0119 zesp\u00f3\u0142 w sk\u0142adzie:&nbsp;&nbsp;Adam Szczepanik, Krystyna Buszek, Zbigniew Niegrzybowski, Jan Szlagowski w celu organizacji ogrodu dzia\u0142kowego na terenie Oficerskiej Szko\u0142y \u0141\u0105czno\u015bci w Zegrzu pomi\u0119dzy fos\u0105 ochronna a Instytutem Ziemniaka w Jadwisinie&nbsp;<\/p>\n\n\n\n<p><strong>10.12.1984 r<\/strong>. Zesp\u00f3\u0142 organizacyjny wyst\u0105pi\u0142 do kwatermistrza Wy\u017cszej Szko\u0142y Oficerskiej Wojsk \u0141\u0105czno\u015bci z wnioskiem o utworzenie ogrodu.<\/p>\n\n\n\n<p><strong>21.01.1985 r<\/strong>. Kwatermistrz WSOW\u0141 wyda\u0142 decyzj\u0119 zezwalaj\u0105c\u0105 na organizacj\u0119 ogrodu z podzia\u0142em na dzia\u0142ki i przydzieli\u0142 dla poszczeg\u00f3lnych u\u017cytkownik\u00f3w. Wynikiem tej decyzji by\u0142o powstanie ogrodu w ilo\u015bci 94 dzia\u0142ek.<\/p>\n\n\n\n<p><strong>06.03.1985<\/strong>&nbsp;r. WSOW\u0141 wyst\u0105pi\u0142a z pro\u015bb\u0105 do Szefa Wojskowego Rejonowego Zarz\u0105du Kwaterunkowo \u2013 Budowlanego o zgod\u0119 na przy\u0142\u0105czenie do ogrodu 2,9 ha gruntu z Instytutu Ziemniaka w zamian za grunt WSOW\u0141 0,7ha za strzelnic\u0105 i 2,2ha w Borowej G\u00f3rze.<\/p>\n\n\n\n<p><strong>26.08.1985 r<\/strong>. Nast\u0105pi\u0142a wymiana gruntu i wytyczono ostateczna granic\u0119 ogrodu pod nazwa \u201e ZA ROWEM\u201d w Zegrzu. Dokonano ponownego podzia\u0142u poszczeg\u00f3lnych dzia\u0142ek w ilo\u015bci 132.<\/p>\n\n\n\n<p><strong>14.01.1986 r<\/strong>. Odby\u0142o si\u0119 pierwsze walne zebranie na kt\u00f3rym powo\u0142ano zarz\u0105d ogrodu.<\/p>\n\n\n\n<p>W sk\u0142ad zarz\u0105du weszli:&nbsp;&nbsp;Adam Szczepanik, Lucjan Bucki, Stanis\u0142aw Krzykwa, Wiktor Rusak, Krystyna Buszek, Jerzy Klimczak, W\u0142adys\u0142aw \u0141aszczynski, Edward Posto\u0142owicz, Marian Kowalczyk, Bogus\u0142aw Pomaski i Henryk Rosicki. Prezesem zosta\u0142 Adam Szczepanik.<\/p>\n\n\n\n<p><strong>14.11.1986 r<\/strong>. Rozpocz\u0119to budow\u0119 ogrodzenia ogrodu.<\/p>\n\n\n\n<p><strong>12.01.1988 r<\/strong>. Walne zebranie powo\u0142a\u0142o nowy sk\u0142ad ogrodu w sk\u0142adzie: Adam Szczepanik, Stanis\u0142aw Krzykwa, Lucjan Bucki, Dariusz Mikolajczak, Henryk Ro\u017cek, Stefan Maruszewski, Edward Okulski. Prezesem Zarz\u0105du ogrodu zosta\u0142 Adam Szczepanik.<\/p>\n\n\n\n<p><strong>12.04.1988<\/strong>&nbsp;<strong>r<\/strong>. Zako\u0144czono budow\u0119 jednej nitki wodoci\u0105gu na terenie nale\u017c\u0105cym do WSOW\u0141.<\/p>\n\n\n\n<p><strong>11.04.1989 r<\/strong>. Opracowano plan POD i przes\u0142ano do POD Warszawa w celu rejestracji ogrodu.<\/p>\n\n\n\n<p><strong>06.02.1990<\/strong>&nbsp;<strong>r<\/strong>. Walne zebranie wybra\u0142o nowy zarz\u0105d: Bogumi\u0142 Miko\u0142ajczak, Henryk Ro\u017cek, Ryszard Belka, Ryszard Grymaszewski, Aleksander B\u0142aszczyk, Andrzej Kasprzycki, Zbigniew Ignatowicz, Marian Wi\u0119chowski, Stanis\u0142aw Tchorek, Bogdan Pomaski, Jan Popielak, Stanis\u0142aw Paku\u0142a, Zdzis\u0142aw \u017burowski. Prezesem zosta\u0142 Marian Wi\u0119ckowski.<\/p>\n\n\n\n<p><strong>31.03.1992 r<\/strong>. Wybory nowego zarz\u0105du: Ludwik Daszkiewicz, Piotr Kowalczyk, W\u0142odzimierz Chojnacki, Henryk Miko\u0142ajczak, Marian Wi\u0119chowski, Anita Pitu\u0142a, Adam \u0141\u0105czka, Piotr Kuci\u0144ski i Mieczys\u0142aw Jaro\u0144ko.Prezesem zosta\u0142 Ludwik Daszkiewicz.<\/p>\n\n\n\n<p><strong>Lipiec 1993 r<\/strong>. Zako\u0144czono budow\u0119 drugiej nitki wodoci\u0105gu na terenie pozyskanym z Instytutu Ziemniaka i po\u0142\u0105czono obie nitki w jednolity wodoci\u0105g.<\/p>\n\n\n\n<p><strong>24.05.1994 r<\/strong>. Wybory nowego zarz\u0105du:&nbsp;<\/p>\n\n\n\n<ul class=\"wp-block-list\">\n<li>Adam Szczepanik \u2013 prezes<\/li>\n\n\n\n<li>Lucjan Bucki \u2013\u00a0\u00a0vice prezes<\/li>\n\n\n\n<li>Jan Kowalczyk \u2013 vice prezes<\/li>\n\n\n\n<li>Witold Rusak, J\u00f3zef Mi\u0142osz, Witold Wo\u017aniak \u2013 cz\u0142onkowie.<\/li>\n<\/ul>\n\n\n\n<p><strong>14.04.1996 r<\/strong>. Wybrano nowy zarz\u0105d w sk\u0142adzie:<\/p>\n\n\n\n<ul class=\"wp-block-list\">\n<li>Adam Szczepanik \u2013 prezes<\/li>\n\n\n\n<li>J\u00f3zef Przyby\u0142 \u2013 vice prezes<\/li>\n\n\n\n<li>Widold Wo\u017aniak, Piotr Kowalczyk, Aleksander B\u0142aszczyk, Henryk\u00a0Polak,\u00a0Stanis\u0142aw Wirkowski, Zych \u2013 cz\u0142onkowie.<\/li>\n<\/ul>\n\n\n\n<p><strong>13.04.1997 r<\/strong>. Walne zebranie podj\u0119\u0142o uchwa\u0142\u0119 o zakazie parkowania samochod\u00f3w na drogach ogrodu. Poruszono spraw\u0119 elektryfikacji ogrodu.<\/p>\n\n\n\n<p><strong>01.10.1997 r<\/strong>. Zosta\u0142a zawarta umowa z CS\u0141iI w Zegrzu na dostaw\u0119 wody dla potrzeb ogrodu.<\/p>\n\n\n\n<p><strong>09.04.2000 r<\/strong>. Walne zebranie ponownie podj\u0119\u0142o ustaw\u0119 o zakazie parkowania samochod\u00f3w na terenie dr\u00f3g ogrodowych i na dzia\u0142kach.<\/p>\n\n\n\n<p><strong>25.03.2001 r<\/strong>. Walne zebranie wybra\u0142o nowy zarz\u0105d:<\/p>\n\n\n\n<ul class=\"wp-block-list\">\n<li>Adam Szczepanik \u2013 prezes<\/li>\n\n\n\n<li>Lech Or\u0142owski \u2013 zast\u0119pca<\/li>\n\n\n\n<li>Ireneusz Dzier\u017canowski \u2013 zast\u0119pca<\/li>\n\n\n\n<li>Tadeusz Go\u0142\u0119biowski, Stanis\u0142aw Krzykwa, Zofia Wojdacka, Grzegorz Kucharski \u2013 cz\u0142onkowie.<\/li>\n<\/ul>\n\n\n\n<p><strong>07.11.2002 r<\/strong>. Na zebraniu zarz\u0105du p. Adam Szczepanik zrezygnowa\u0142 ze stanowiska prezesa ogrodu. Do zarz\u0105du wszed\u0142 p. Janusz Grymaszewski i zosta\u0142 wybrany na prezesa ogrodu.<\/p>\n\n\n\n<p><strong>14.04.2002 r<\/strong>. na walnym zebraniu ogrodu, do zarz\u0105du wybrano uzupe\u0142niaj\u0105co p. Jana W\u00f3jcika. Zarz\u0105d ogrodu zg\u0142osi\u0142 braki w dokumentacji kt\u00f3ra zagin\u0119\u0142a w latach 1992-1994 za kadencji prezesa p. Daszkiewicza. Wa\u017cnym dokumentem kt\u00f3ry zagin\u0105 by\u0142a szczeg\u00f3\u0142owa mapa ogrodu wykonana przez geodet\u0119.<\/p>\n\n\n\n<p><strong>27.04.2003 r<\/strong>. Na walnym zebraniu podj\u0119to uchwa\u0142\u0119 o wykonaniu 2 bram, 3 furtek oraz ogrodzenia ogrodu od strony fosy.<\/p>\n\n\n\n<p><strong>05.05.2004 r<\/strong>. Podj\u0119to uchwa\u0142\u0119 o budowie parkingu na terenie ogrodu przy fosie.<\/p>\n\n\n\n<p><strong>W 2004 r.<\/strong>&nbsp;za\u0142o\u017cono stowarzyszenie ogrodu w celu wykupienia ziemi od AMW. Stowarzyszenie zarejestrowano w s\u0105dzie w dniu 15.12.2004 r.&nbsp;<\/p>\n\n\n\n<p><strong>08.07.2005 r<\/strong>. PZD podj\u0105\u0142 uchwa\u0142\u0119 o zmianie nazwy ogrodu POD na ROD \u2013 Pracowniczy Ogr\u00f3d Dzia\u0142kowy na gruncie skarbu pa\u0144stwa, kt\u00f3ry zostaje przekazany nieodp\u0142atnie w wieczyste u\u017cytkowanie PZD.&nbsp;<\/p>\n\n\n\n<p>Ponadto przyj\u0119to, \u017ce ogrody dzia\u0142kowe nie mog\u0105 by\u0107 mniejsze ni\u017c 50 dzia\u0142ek. Na tej podstawie po\u0142\u0105czono ogrody \u201e Za Rowem\u201d i \u201ePrzy G\u00f3rce\u201d. Ustawa wesz\u0142a w \u017cycie w dniu 21.09.2005 r.<\/p>\n\n\n\n<p><strong>11.04.2006 r<\/strong>. Podj\u0119to uchwa\u0142\u0119, \u017ce ogrody dzia\u0142kowe \u201e Za Rowem\u201d i \u201ePrzy G\u00f3rce\u201d b\u0119d\u0105 istnia\u0142y oddzielnie jednak pod jednym zarz\u0105dem.<\/p>\n\n\n\n<p><strong>23.04.2006 r<\/strong>. Walne zebranie wybra\u0142o zarz\u0105d og\u00f3lny dla obydwu ogrod\u00f3w w sk\u0142adzie:<\/p>\n\n\n\n<ul class=\"wp-block-list\">\n<li>Janusz Grymaszewski \u2013 prezes<\/li>\n\n\n\n<li>Jacek Cebo, Jerzy Tatar, Jan W\u00f3jcik, Stanis\u0142aw Krzykwa, Halina Burkacka, Tomasz Balinski, Marzena Sa\u0142ek, Antoni Wieczorek &#8211; cz\u0142onkowie.<\/li>\n<\/ul>\n\n\n\n<p><strong>01.07.2009 r<\/strong>. Ogr\u00f3d \u201eZa Rowem\u201d zosta\u0142 pod\u0142\u0105czony do og\u00f3lnokrajowego wodoci\u0105gu w Borowej G\u00f3rze a dokumentacj\u0119 zatwierdzi\u0142o Starostwo Powiatowe w Legionowie.<\/p>\n\n\n\n<p><strong>24.04.2010 r<\/strong>. Na walnym zebraniu wybrano nowy zarz\u0105d:&nbsp;<\/p>\n\n\n\n<ul class=\"wp-block-list\">\n<li>Janusz Grymaszewski \u2013 prezes<\/li>\n\n\n\n<li>Halina Burkacka, Jacek Cebo, Ireneusz Dzier\u017canowski, Artur Wagner, Jan W\u00f3jcik, Stanis\u0142aw Krzykwa.<\/li>\n<\/ul>\n\n\n\n<p><strong>06.08.2014 r<\/strong>. Na zebranie zarz\u0105du przyby\u0142 przedstawiciel zak\u0142adu energetycznego i om\u00f3wiono potrzebne dokumenty do elektryfikacji ogrodu.&nbsp;<\/p>\n\n\n\n<p>Do dnia 01.10.2014 r. zosta\u0142y wydane potrzebne druki do elektryfikacji ogrodu dla ka\u017cdego u\u017cytkownika:<\/p>\n\n\n\n<ul class=\"wp-block-list\">\n<li>zgoda WAM na elektryfikacj\u0119 ogrodu<\/li>\n\n\n\n<li>mapa ogrodu z podzia\u0142em i numeracja ogrodu<\/li>\n\n\n\n<li>wniosek o okre\u015blenie mocy przy\u0142\u0105cza.<\/li>\n<\/ul>\n\n\n\n<p>Do ko\u0144ca listopada 2014 r. 113tu u\u017cytkownik\u00f3w dzia\u0142ek z\u0142o\u017cy\u0142o do zak\u0142adu energetycznego potrzebne do elektryfikacji ogrodu dokumenty.<\/p>\n\n\n\n<p><strong>18.03.2015 r<\/strong>. Zmiana na stanowisku ksi\u0119gowej. Odchodzi p. Halina Burkacka w zast\u0119pstwie obowi\u0105zki przej\u0119\u0142a p. Paulina&nbsp;&nbsp;Sliwi\u0144ska \u2013 Pisarek.<\/p>\n\n\n\n<p><strong>19.04.2015 r<\/strong>. pani Paulina \u015aliwi\u0144ska- Pisarek zosta\u0142a wybrana na ksi\u0119gow\u0105 ogrodu.<\/p>\n\n\n\n<p><strong>06.08.2015 r<\/strong>. Zmiana nazwy Ogrodu z POD (Pracowniczy Ogr\u00f3d Dzia\u0142kowy) na ROD (Rodzinny Ogr\u00f3d Dzia\u0142kowy).<\/p>\n\n\n\n<p><strong>06.04.2017 r<\/strong>. Oddzia\u0142 Zarz\u0105du Mazowieckiego PZD przes\u0142a\u0142 pismo dotycz\u0105ce elektryfikacji ogrodu do Starostwa powiatowego w Legionowie.<\/p>\n\n\n\n<p><strong>15.05.2017 r<\/strong>. Starosta Powiatu Legionowskiego wyda\u0142 decyzj\u0119 nr 103\/2017 o nabyciu prawa u\u017cytkowania nieruchomo\u015bci skarbu pa\u0144stwa oznaczonej jako dzia\u0142ki ewidencyjne nr 84\/2, 86\/2 i 111\/2 o \u0142\u0105cznej powierzchni 5,3758ha w obr\u0119bie Jadwisin w gm. Serock na kt\u00f3rej zlokalizowany jest ROD \u201e Za Rowem\u201d w Zegrzu.<\/p>\n\n\n\n<p>&nbsp;<strong>07.06.2017 r<\/strong>. Zmiana na stanowisku gospodarza ogrodu \u201ePrzy G\u00f3rce\u201d.&nbsp;&nbsp;Po rezygnacji p. S\u0142awomi Moch nowym gospodarzem ogrodu wybrany zosta\u0142 p. Piotr Chmiel.<\/p>\n\n\n\n<p><strong>06.12.2017 r<\/strong>. Pani Paulina \u015aliwi\u0144ska- Pisarek rezygnuje ze stanowiska ksi\u0119gowej. Funkcje ksi\u0119gowej ogrodu powierzono w dniu 07.02.2018 r. p. Wies\u0142awie Grupa.<\/p>\n\n\n\n<p><strong>07.02.2018 r<\/strong>. Zarz\u0105d podj\u0105\u0142 uchwa\u0142\u0119 o indywidualnym rozliczaniu za energi\u0119 elektryczna z zak\u0142adem energetycznym.<\/p>\n\n\n\n<p><strong>07.03.2018 r<\/strong>. Zarz\u0105d podj\u0105\u0142 uchwa\u0142\u0119 nr 4\/2018 o obni\u017ceniu op\u0142at za dzia\u0142k\u0119 nr 81 za powierzchnie 350m<sup>2<\/sup>&nbsp;pomimo ca\u0142kowitego wymiaru 545m<sup>2<\/sup>.<\/p>\n\n\n\n<p><strong>18.03.2018&nbsp;<\/strong>r. Starosta Legionowski wyda\u0142 zezwolenie na wpisanie ogrodu \u201e Za Rowem\u201d do ksi\u0119gi wieczystej.<\/p>\n\n\n\n<p><strong>09.05.2018 r<\/strong>. Zarz\u0105d podj\u0105\u0142 uchwa\u0142\u0119 o zakazie parkowania pojazd\u00f3w na drodze wzd\u0142u\u017c fosy.<\/p>\n\n\n\n<p><strong>06.06.2018 r<\/strong>. Podj\u0119to uchwa\u0142\u0119 o zakupie drukarki i programu komputerowego do prowadzenia ksi\u0119gowo\u015bci ogrodu.<\/p>\n\n\n\n<p><strong>08.05.2019<\/strong>&nbsp;<strong>r<\/strong>.&nbsp;&nbsp;Uchwa\u0142a zarz\u0105du o za\u0142o\u017ceniu strony internetowej ogrodu. Wykonawca p. Jacek St\u0119pniewski.<\/p>\n\n\n\n<p><strong>03.07.2019 r<\/strong>. Uchwa\u0142a zarz\u0105du o zatrudnieniu p. Marty Lisowskiej na stanowisko ksi\u0119gowej ogrodu \u201eZa Rowem\u201d i \u201ePrzy G\u00f3rce\u201d z wynagrodzeniem 6000 z\u0142 rocznie. Pani Wies\u0142awa Grupa&nbsp;&nbsp;zosta\u0142a powo\u0142ana na stanowisko skarbnika&nbsp;&nbsp;za wynagrodzeniem 1200 z\u0142 rocznie.<\/p>\n\n\n\n<p><strong>W 2020 roku<\/strong>&nbsp;ze wzgl\u0119du na pandemie zwi\u0105zan\u0105 z COVID-19 walne zebranie nie odby\u0142o si\u0119.<\/p>\n\n\n\n<p><strong>18.05.2020 r<\/strong>. Na zdalnym zebraniu zarz\u0105d podj\u0105\u0142 uchwa\u0142\u0119 o zakupie dw\u00f3ch kamer wizualnych do kontroli ogrodu.<\/p>\n\n\n\n<p><strong>19.08.2020 r<\/strong>. Pismo PZD o z\u0142o\u017ceniu deklaracji przez ROD o wej\u015bciu do O\u015brodka Finansowo- Ksi\u0119gowego Zarz\u0105du Mazowieckiego w Warszawie z dnia 01.01.2021 r.&nbsp;<\/p>\n","protected":false},"excerpt":{"rendered":"<p>W grudniu 1984&nbsp;roku zebra\u0142 si\u0119 zesp\u00f3\u0142 w sk\u0142adzie:&nbsp;&nbsp;Adam Szczepanik, Krystyna Buszek, Zbigniew Niegrzybowski, Jan Szlagowski w celu organizacji ogrodu dzia\u0142kowego na terenie Oficerskiej Szko\u0142y \u0141\u0105czno\u015bci w Zegrzu pomi\u0119dzy fos\u0105 ochronna a Instytutem Ziemniaka w Jadwisinie&nbsp; 10.12.1984 r. Zesp\u00f3\u0142 organizacyjny wyst\u0105pi\u0142 do kwatermistrza Wy\u017cszej Szko\u0142y Oficerskiej Wojsk \u0141\u0105czno\u015bci z wnioskiem o utworzenie ogrodu. 21.01.1985 r. Kwatermistrz WSOW\u0141 wyda\u0142 decyzj\u0119 zezwalaj\u0105c\u0105 na organizacj\u0119 ogrodu z podzia\u0142em na dzia\u0142ki i przydzieli\u0142 dla poszczeg\u00f3lnych u\u017cytkownik\u00f3w. Wynikiem tej decyzji by\u0142o powstanie ogrodu w ilo\u015bci 94 dzia\u0142ek. 06.03.1985&nbsp;r. WSOW\u0141 wyst\u0105pi\u0142a z pro\u015bb\u0105 do Szefa Wojskowego Rejonowego Zarz\u0105du Kwaterunkowo \u2013 Budowlanego o zgod\u0119 na przy\u0142\u0105czenie do ogrodu\u2026<\/p>\n","protected":false},"author":2,"featured_media":0,"parent":0,"menu_order":0,"comment_status":"closed","ping_status":"closed","template":"","meta":{"tpgb_global_settings":"","footnotes":""},"class_list":["post-8","page","type-page","status-publish","hentry"],"blocksy_meta":{"styles_descriptor":{"styles":{"desktop":"","tablet":"","mobile":""},"google_fonts":[],"version":5}},"tpgb_featured_images":null,"tpgb_post_meta_info":{"get_date":"2022-12-29","author_name":"devadm","author_url":"https:\/\/zarowem.pl\/index.php\/author\/devadm\/","author_email":"kamil@szumotalski.pl","author_website":"","author_description":"","author_facebook":"","author_twitter":"","author_instagram":"","author_role":["administrator"],"author_firstname":"","author_lastname":"","user_login":"devadm","author_avatar":"<img alt='' src='https:\/\/secure.gravatar.com\/avatar\/30b3c78203266376fab193fa14316bdc3ced73959fc6fcf0c899f332d3bf55f6?s=200&#038;d=mm&#038;r=g' srcset='https:\/\/secure.gravatar.com\/avatar\/30b3c78203266376fab193fa14316bdc3ced73959fc6fcf0c899f332d3bf55f6?s=400&#038;d=mm&#038;r=g 2x' class='avatar avatar-200 photo' height='200' width='200' loading='lazy' decoding='async'\/>","author_avatar_url":"https:\/\/secure.gravatar.com\/avatar\/30b3c78203266376fab193fa14316bdc3ced73959fc6fcf0c899f332d3bf55f6?s=96&d=mm&r=g","comment_count":0,"post_likes":0,"post_views":0},"tpgb_post_category":[],"_links":{"self":[{"href":"https:\/\/zarowem.pl\/index.php\/wp-json\/wp\/v2\/pages\/8","targetHints":{"allow":["GET"]}}],"collection":[{"href":"https:\/\/zarowem.pl\/index.php\/wp-json\/wp\/v2\/pages"}],"about":[{"href":"https:\/\/zarowem.pl\/index.php\/wp-json\/wp\/v2\/types\/page"}],"author":[{"embeddable":true,"href":"https:\/\/zarowem.pl\/index.php\/wp-json\/wp\/v2\/users\/2"}],"replies":[{"embeddable":true,"href":"https:\/\/zarowem.pl\/index.php\/wp-json\/wp\/v2\/comments?post=8"}],"version-history":[{"count":2,"href":"https:\/\/zarowem.pl\/index.php\/wp-json\/wp\/v2\/pages\/8\/revisions"}],"predecessor-version":[{"id":82,"href":"https:\/\/zarowem.pl\/index.php\/wp-json\/wp\/v2\/pages\/8\/revisions\/82"}],"wp:attachment":[{"href":"https:\/\/zarowem.pl\/index.php\/wp-json\/wp\/v2\/media?parent=8"}],"curies":[{"name":"wp","href":"https:\/\/api.w.org\/{rel}","templated":true}]}}